{"id":1240,"date":"2014-09-29T23:14:06","date_gmt":"2014-09-29T22:14:06","guid":{"rendered":"http:\/\/workaround.be\/~scoutshe\/?page_id=1240"},"modified":"2025-09-21T15:30:13","modified_gmt":"2025-09-21T14:30:13","slug":"staff-louveteaux","status":"publish","type":"page","link":"https:\/\/www.scoutshennuyeres.be\/?page_id=1240","title":{"rendered":"Louveteaux"},"content":{"rendered":"\r\n<div class=\"wp-block-image\">\r\n<figure class=\"alignleft size-large is-resized\"><img loading=\"lazy\" decoding=\"async\" class=\"wp-image-3831\" src=\"https:\/\/www.scoutshennuyeres.be\/wp-content\/uploads\/2020\/11\/Louveteaux-2.png\" alt=\"\" width=\"150\" height=\"172\" \/><\/figure>\r\n<\/div>\r\n\r\n\r\n\r\n<p>La grande enfance (8-12 ans) est avant tout l\u2019\u00e2ge des d\u00e9couvertes sociales : des copains \u00e0 qui on tient dur comme fer, des autres dont on est diff\u00e9rent, des adultes \u00e0 qui on essaie de ressembler\u2026<\/p>\r\n\r\n\r\n\r\n<p>M\u00eame si l\u2019amiti\u00e9 avec ses pairs prend une place de plus en plus importante dans sa vie, le louveteau a toujours besoin d\u2019admirer des mod\u00e8les.<\/p>\r\n\r\n\r\n\r\n<p>&nbsp;<\/p>\r\n<p>&nbsp;<\/p>\r\n\r\n\r\n\r\n<figure class=\"wp-block-pullquote has-background is-style-default\" style=\"border-color: #375340;\">\r\n<blockquote>\r\n<p style=\"text-align: center;\"><strong><span style=\"color: #337755;\">Avec la meute je deviens plus grand<\/span><\/strong><\/p>\r\n<p style=\"text-align: center;\"><strong><span style=\"color: #337755;\">La force du loup, c\u2019est le clan<\/span><\/strong><\/p>\r\n<cite>ENSEMBLE, ON EST MIEUX (BE SCOUT)<\/cite><\/blockquote>\r\n<\/figure>\r\n<p><strong><span style=\"color: #337755;\">Staff 2024-2025<\/span><\/strong><\/p>\r\n<ul>\r\n<li>AKELA, animateur responsable (ENHYDRA)<\/li>\r\n<\/ul>\r\n<blockquote>\r\n<p>&nbsp;<\/p>\r\n<\/blockquote>\r\n<blockquote>\r\n<p>&nbsp;<\/p>\r\n<\/blockquote>\r\n<ul>\r\n<li>AZURE (BAGHEERA)\r\n<p>\ud83d\udc08\u200d\u2b1bApr\u00e8s une premi\u00e8re exp\u00e9rience dans la jungle, on peut dire qu&rsquo;elle n&rsquo;a pas manqu\u00e9 de bagout&#8230;<\/p>\r\n<p>\ud83e\udd70Et il lui en a fallu pour r\u00e9pondre aux questions les plus intimes ou audacieuses des loups !<\/p>\r\n<p>\u263a\ufe0fMais bien sur ses appuis, il en fallait moins pour faire rougir cette guerri\u00e8re&#8230;<\/p>\r\n<p>\ud83d\ude03Elle est d&rsquo;ailleurs &lsquo;hockey&rsquo; de jouer une seconde mi-temps au c\u0153ur de la meute, entour\u00e9e de ses petits loups dont on elle aime prendre soin, avec son large sourire, ses yeux AZURE et son teinte ros\u00e9 qui la caract\u00e9risent&#8230;<\/p>\r\n<\/li>\r\n<\/ul>\r\n<p>&nbsp;<\/p>\r\n<ul>\r\n<li>ALA\r\n<p>\ud83e\udd2aNous avons du patienter pour pouvoir profiter de son petit grain de folie et son enthousiasme dans les staffs.<\/p>\r\n<p>Apr\u00e8s une retraite, elle nous est revenue \u00ab\u00a0greater again\u00a0\u00bb&#8230;<\/p>\r\n<p>\ud83c\udf5fPour nous pr\u00e9parer des salades tomates des oignons, mais&#8230; De la sauce sur les frites !<\/p>\r\n<p>\u2728Que les louveteaux se pr\u00e9parent parce qu&rsquo;avec elle, \u00e7a va d\u00e9m\u00e9nager !<\/p>\r\n<p>Elle est l\u00e0, accueillons, sous les feux de la rampe : EALA !<\/p>\r\n<\/li>\r\n<li>OURSON\r\n<p>\ud83e\udd20Apr\u00e8s un beau parcours scout, il ne voulait pas s&rsquo;arr\u00eater en si bonne voie et avait \u00e0 c\u0153ur d&rsquo;aller renforcer les staffs.<\/p>\r\n<p>\ud83d\udc3a Pas question pour lui de rejoindre une \u00e9quipe de bras cass\u00e9s ! Il viendra apporter ses talents et compl\u00e9ter le staff des louveteaux.<\/p>\r\n<p>\ud83e\udd15V\u00e9ritable main de verre dans un gant de pl\u00e2tre, ce golden boy sera l\u00e0 pour assurer la s\u00e9curit\u00e9, \u00e9viter toute blessures et de donner du boulot \u00e0 nos compagnies d&rsquo;assurance\u00a0 !\u00a0Faisons lui confiance, il a\u00a0 de l&rsquo;exp\u00e9rience en la mati\u00e8re !<\/p>\r\n<p>\ud83e\uddf8\u00a0\u00bbNi Winnie non\u00a0\u00bb : accueillons Ourson !!<\/p>\r\n<p>&nbsp;<\/p>\r\n<\/li>\r\n<li>YEARLING\r\n<p>\ud83c\udf92Elle a pris le temps de soigner sa formation avant d&rsquo;int\u00e9grer un staff, mais elle arrive avec des bagages bien remplis !<\/p>\r\n<p>\ud83d\udcac Formation d&rsquo;animatrice en poche, elle pourra prendre soin de ses anim\u00e9s&#8230; Et dans toutes les langues !<\/p>\r\n<p>\ud83c\udfadToujours pr\u00eate \u00e0 faire le show, nous comptons sur elle pour venir dynamiser notre Unit\u00e9 et mettre de la sauce sur nos frites !<\/p>\r\n<p>\ud83d\udc4fElle appr\u00e9ciera ce tonnerre d&rsquo;applaudissements pour son entr\u00e9e en sc\u00e8ne chez les louveteaux. Merci d&rsquo;accueillir&#8230; YEARLING !<\/p>\r\n<\/li>\r\n<\/ul>\r\n<p>&nbsp;<\/p>\r\n<p>&nbsp;<\/p>\r\n<blockquote>\r\n<p>&nbsp;<\/p>\r\n<p>&nbsp;<\/p>\r\n<\/blockquote>\r\n<p><strong><span style=\"color: #337755;\">Plus d&rsquo;infos ?<\/span><\/strong><\/p>\r\n<p>N&rsquo;h\u00e9sitez pas \u00e0 contacter le staff via <span style=\"text-decoration: underline; color: #337755;\">loupshennuyeres(at)gmail.com<\/span><\/p>\r\n","protected":false},"excerpt":{"rendered":"<p>La grande enfance (8-12 ans) est avant tout l\u2019\u00e2ge des d\u00e9couvertes sociales : des copains \u00e0 qui on tient dur comme fer, des autres dont on est diff\u00e9rent, des adultes \u00e0 qui on essaie de ressembler\u2026 M\u00eame si l\u2019amiti\u00e9 avec ses pairs prend une place de plus en plus importante dans sa vie, le louveteau<\/p>\n<p><a class=\"button\" href=\"https:\/\/www.scoutshennuyeres.be\/?page_id=1240\" title=\"More\">  Read More \u2192<\/a><\/p>\n","protected":false},"author":7,"featured_media":0,"parent":0,"menu_order":0,"comment_status":"closed","ping_status":"open","template":"","meta":{"footnotes":""},"_links":{"self":[{"href":"https:\/\/www.scoutshennuyeres.be\/index.php?rest_route=\/wp\/v2\/pages\/1240"}],"collection":[{"href":"https:\/\/www.scoutshennuyeres.be\/index.php?rest_route=\/wp\/v2\/pages"}],"about":[{"href":"https:\/\/www.scoutshennuyeres.be\/index.php?rest_route=\/wp\/v2\/types\/page"}],"author":[{"embeddable":true,"href":"https:\/\/www.scoutshennuyeres.be\/index.php?rest_route=\/wp\/v2\/users\/7"}],"replies":[{"embeddable":true,"href":"https:\/\/www.scoutshennuyeres.be\/index.php?rest_route=%2Fwp%2Fv2%2Fcomments&post=1240"}],"version-history":[{"count":43,"href":"https:\/\/www.scoutshennuyeres.be\/index.php?rest_route=\/wp\/v2\/pages\/1240\/revisions"}],"predecessor-version":[{"id":4458,"href":"https:\/\/www.scoutshennuyeres.be\/index.php?rest_route=\/wp\/v2\/pages\/1240\/revisions\/4458"}],"wp:attachment":[{"href":"https:\/\/www.scoutshennuyeres.be\/index.php?rest_route=%2Fwp%2Fv2%2Fmedia&parent=1240"}],"curies":[{"name":"wp","href":"https:\/\/api.w.org\/{rel}","templated":true}]}}