{"id":1387,"date":"2014-09-30T23:09:10","date_gmt":"2014-09-30T22:09:10","guid":{"rendered":"http:\/\/workaround.be\/~scoutshe\/?page_id=1387"},"modified":"2025-03-17T21:24:23","modified_gmt":"2025-03-17T20:24:23","slug":"staff-dunite","status":"publish","type":"page","link":"https:\/\/www.scoutshennuyeres.be\/?page_id=1387","title":{"rendered":"Staff d&rsquo;Unit\u00e9"},"content":{"rendered":"\r\n<figure class=\"wp-block-pullquote\"><\/figure>\r\n<p><a href=\"https:\/\/www.scoutshennuyeres.be\/wp-content\/uploads\/2023\/03\/StaffU_JANU_2023.jpg\"><img loading=\"lazy\" decoding=\"async\" class=\"alignnone size-full wp-image-4415\" src=\"https:\/\/www.scoutshennuyeres.be\/wp-content\/uploads\/2023\/03\/StaffU_JANU_2023.jpg\" alt=\"\" width=\"2560\" height=\"1707\" srcset=\"https:\/\/www.scoutshennuyeres.be\/wp-content\/uploads\/2023\/03\/StaffU_JANU_2023.jpg 2560w, https:\/\/www.scoutshennuyeres.be\/wp-content\/uploads\/2023\/03\/StaffU_JANU_2023-300x200.jpg 300w, https:\/\/www.scoutshennuyeres.be\/wp-content\/uploads\/2023\/03\/StaffU_JANU_2023-1024x683.jpg 1024w, https:\/\/www.scoutshennuyeres.be\/wp-content\/uploads\/2023\/03\/StaffU_JANU_2023-768x512.jpg 768w, https:\/\/www.scoutshennuyeres.be\/wp-content\/uploads\/2023\/03\/StaffU_JANU_2023-1536x1024.jpg 1536w, https:\/\/www.scoutshennuyeres.be\/wp-content\/uploads\/2023\/03\/StaffU_JANU_2023-2048x1366.jpg 2048w\" sizes=\"(max-width: 2560px) 100vw, 2560px\" \/><\/a><\/p>\r\n<p>KRaKK, le Staff d&rsquo;Unit\u00e9 2022-2024 (Koala, Raccoon, Kangal &amp; Kabara)<\/p>\r\n<p style=\"text-align: center;\"><span style=\"color: #c8c9e0;\">Et tu t\u2019engages b\u00e9n\u00e9volement<\/span><\/p>\r\n<p style=\"text-align: center;\"><span style=\"color: #c8c9e0;\">\u00c0 transmettre tout ce que tu as dans le sang<\/span><\/p>\r\n<p style=\"text-align: center;\"><span style=\"color: #c8c9e0;\"><cite>ENSEMBLE, ON EST MIEUX (BE SCOUT)<\/cite><\/span><\/p>\r\n<p>&nbsp;<\/p>\r\n<p style=\"text-align: left;\"><strong>Le sta.ff Unit\u00e9 2025-2026<\/strong><\/p>\r\n<ul>\r\n<li>Cam\u00e9l\u00e9on<\/li>\r\n<li>Christelle<\/li>\r\n<li>Delphine<\/li>\r\n<li>Kabara<\/li>\r\n<li>Kangal<\/li>\r\n<li>Wombat<\/li>\r\n<\/ul>\r\n<p>&nbsp;<\/p>\r\n<p><strong>Notre r\u00f4le ?<\/strong><\/p>\r\n<p>Il est si bien r\u00e9sum\u00e9 par cette <a href=\"https:\/\/youtu.be\/hDjHKFCXXj0\">courte vid\u00e9o<\/a>&#8230;<\/p>\r\n<p>&nbsp;<\/p>\r\n<p><strong>Notre contrat d&rsquo;Unit\u00e9<\/strong><\/p>\r\n<p>Vous souhaitez conna\u00eetre les objectifs que nous nous sommes fix\u00e9s pour notre mandat de 2 ans ?\u00a0<\/p>\r\n<p>Nous cogitons encore et vous les pr\u00e9sentons sous peu&#8230;<\/p>\r\n","protected":false},"excerpt":{"rendered":"<p>KRaKK, le Staff d&rsquo;Unit\u00e9 2022-2024 (Koala, Raccoon, Kangal &amp; Kabara) Et tu t\u2019engages b\u00e9n\u00e9volement \u00c0 transmettre tout ce que tu as dans le sang ENSEMBLE, ON EST MIEUX (BE SCOUT) &nbsp; Le sta.ff Unit\u00e9 2025-2026 Cam\u00e9l\u00e9on Christelle Delphine Kabara Kangal Wombat &nbsp; Notre r\u00f4le ? Il est si bien r\u00e9sum\u00e9 par cette courte vid\u00e9o&#8230; &nbsp;<\/p>\n<p><a class=\"button\" href=\"https:\/\/www.scoutshennuyeres.be\/?page_id=1387\" title=\"More\">  Read More \u2192<\/a><\/p>\n","protected":false},"author":7,"featured_media":0,"parent":0,"menu_order":0,"comment_status":"closed","ping_status":"open","template":"","meta":{"footnotes":""},"_links":{"self":[{"href":"https:\/\/www.scoutshennuyeres.be\/index.php?rest_route=\/wp\/v2\/pages\/1387"}],"collection":[{"href":"https:\/\/www.scoutshennuyeres.be\/index.php?rest_route=\/wp\/v2\/pages"}],"about":[{"href":"https:\/\/www.scoutshennuyeres.be\/index.php?rest_route=\/wp\/v2\/types\/page"}],"author":[{"embeddable":true,"href":"https:\/\/www.scoutshennuyeres.be\/index.php?rest_route=\/wp\/v2\/users\/7"}],"replies":[{"embeddable":true,"href":"https:\/\/www.scoutshennuyeres.be\/index.php?rest_route=%2Fwp%2Fv2%2Fcomments&post=1387"}],"version-history":[{"count":21,"href":"https:\/\/www.scoutshennuyeres.be\/index.php?rest_route=\/wp\/v2\/pages\/1387\/revisions"}],"predecessor-version":[{"id":4453,"href":"https:\/\/www.scoutshennuyeres.be\/index.php?rest_route=\/wp\/v2\/pages\/1387\/revisions\/4453"}],"wp:attachment":[{"href":"https:\/\/www.scoutshennuyeres.be\/index.php?rest_route=%2Fwp%2Fv2%2Fmedia&parent=1387"}],"curies":[{"name":"wp","href":"https:\/\/api.w.org\/{rel}","templated":true}]}}