{"id":2640,"date":"2017-08-11T17:14:10","date_gmt":"2017-08-11T16:14:10","guid":{"rendered":"http:\/\/www.scoutshennuyeres.be\/?page_id=2640"},"modified":"2025-03-17T21:28:56","modified_gmt":"2025-03-17T20:28:56","slug":"__trashed-2-2-2-2-2-2-2","status":"publish","type":"page","link":"https:\/\/www.scoutshennuyeres.be\/","title":{"rendered":"Bienvenue \u00e0 la BR017 !"},"content":{"rendered":"\r\n\r\n\r\n\r\n\r\n<p><a href=\"https:\/\/www.scoutshennuyeres.be\/wp-content\/uploads\/2021\/11\/Passages_2021.jpg\"><img loading=\"lazy\" decoding=\"async\" class=\"alignnone size-full wp-image-4336\" src=\"https:\/\/www.scoutshennuyeres.be\/wp-content\/uploads\/2021\/11\/Passages_2021.jpg\" alt=\"\" width=\"960\" height=\"540\" srcset=\"https:\/\/www.scoutshennuyeres.be\/wp-content\/uploads\/2021\/11\/Passages_2021.jpg 960w, https:\/\/www.scoutshennuyeres.be\/wp-content\/uploads\/2021\/11\/Passages_2021-300x169.jpg 300w, https:\/\/www.scoutshennuyeres.be\/wp-content\/uploads\/2021\/11\/Passages_2021-768x432.jpg 768w\" sizes=\"(max-width: 960px) 100vw, 960px\" \/><\/a><\/p>\r\n<p>&nbsp;<\/p>\r\n<p>Bienvenue dans notre Unit\u00e9 scoute d&rsquo;Hennuy\u00e8res, la BR017 !<\/p>\r\n<p>Retrouvez le planning des activit\u00e9s dans notre <a href=\"https:\/\/www.scoutshennuyeres.be\/?page_id=3918\">Agenda<\/a><\/p>\r\n<p>&nbsp;<\/p>\r\n<p>(Sur un air bien connu&#8230;)<\/p>\r\n<p>C\u2019\u00e9tait une Unit\u00e9, une petite Unit\u00e9<\/p>\r\n<p>Dans un village du Hainaut, \u00e0 c\u00f4t\u00e9 du BW<\/p>\r\n<p>\u2018Y avaient des anim\u00e9s, des staffs \u00e0 encadrer<\/p>\r\n<p>Pour que leurs vies semblent moins lourdes \u00e0 porter<\/p>\r\n<p>&nbsp;<\/p>\r\n<p><em>On y a mis du temps, du talent et du c\u0153ur, <\/em><\/p>\r\n<p><em>Ainsi passaient nos vies au milieu de leurs heures<\/em><\/p>\r\n<p><em>Et loin des beaux discours, des grandes th\u00e9ories<\/em><\/p>\r\n<p><em>A notre t\u00e2che chaque jour, on doit vous dire aujourd\u2019hui\u00a0: <\/em><\/p>\r\n<p><strong><em>Cette fois, c\u2019est r&rsquo;parti\u00a0<\/em><\/strong><\/p>\r\n<p>&nbsp;<\/p>\r\n<p>C\u2019sont des animateurs, de chouettes animateurs<\/p>\r\n<p>Qui savaient qu\u2019animer \u00e9tait un grand tr\u00e9sor.<\/p>\r\n<p>Que tous les p\u2019tits gamins, avaient pour s\u2019en sortir<\/p>\r\n<p>Que l\u2019\u00e9cole et les Scouts, il suffit de s\u2019inscrire.<\/p>\r\n<p>&nbsp;<\/p>\r\n<p><em>Ils y ont mis du temps, du talent et du c\u0153ur,<\/em><\/p>\r\n<p><em>Ainsi passaient leurs vies au milieu de nos heures<\/em><\/p>\r\n<p><em>Et loin des beaux discours, des grandes th\u00e9ories<\/em><\/p>\r\n<p><em>A leurs t\u00e2ches chaque jour, on veut vous dire aujourd\u2019hui\u00a0: <\/em><\/p>\r\n<p><strong><em>Un tout grand merci\u00a0!<\/em><\/strong><\/p>\r\n<p>&nbsp;<\/p>\r\n<p>C\u2019\u00e9tait un p\u2019tit Bala, un Loup, Eclai ou pi<\/p>\r\n<p>Bien habiles et r\u00eaveurs, un peu dou\u00e9s, en forme.<\/p>\r\n<p>Se savait bien utile parmi les autres hommes<\/p>\r\n<p>Il r\u00eavait d\u2019animer en somme\u2026<\/p>\r\n<p>&nbsp;<\/p>\r\n<p><em>Vous y mettrez du temps, du talent et du c\u0153ur<\/em><\/p>\r\n<p><em>Les r\u00eaves de votre vie, et les choix de votre c\u0153ur <\/em><\/p>\r\n<p><em>Et loin des beaux discours, des grandes th\u00e9ories<\/em><\/p>\r\n<p><em>Inspir\u00e9s jour apr\u00e8s jour, au grand camp et chaque samedi\u00a0:<\/em><\/p>\r\n<p><strong><em>Vous changerez la vie\u00a0!<\/em><\/strong><\/p>\r\n<p>&nbsp;<\/p>","protected":false},"excerpt":{"rendered":"<p>&nbsp; Bienvenue dans notre Unit\u00e9 scoute d&rsquo;Hennuy\u00e8res, la BR017 ! Retrouvez le planning des activit\u00e9s dans notre Agenda &nbsp; (Sur un air bien connu&#8230;) C\u2019\u00e9tait une Unit\u00e9, une petite Unit\u00e9 Dans un village du Hainaut, \u00e0 c\u00f4t\u00e9 du BW \u2018Y avaient des anim\u00e9s, des staffs \u00e0 encadrer Pour que leurs vies semblent moins lourdes \u00e0<\/p>\n<p><a class=\"button\" href=\"https:\/\/www.scoutshennuyeres.be\/\" title=\"More\">  Read More \u2192<\/a><\/p>\n","protected":false},"author":7,"featured_media":0,"parent":0,"menu_order":0,"comment_status":"closed","ping_status":"closed","template":"","meta":{"footnotes":""},"_links":{"self":[{"href":"https:\/\/www.scoutshennuyeres.be\/index.php?rest_route=\/wp\/v2\/pages\/2640"}],"collection":[{"href":"https:\/\/www.scoutshennuyeres.be\/index.php?rest_route=\/wp\/v2\/pages"}],"about":[{"href":"https:\/\/www.scoutshennuyeres.be\/index.php?rest_route=\/wp\/v2\/types\/page"}],"author":[{"embeddable":true,"href":"https:\/\/www.scoutshennuyeres.be\/index.php?rest_route=\/wp\/v2\/users\/7"}],"replies":[{"embeddable":true,"href":"https:\/\/www.scoutshennuyeres.be\/index.php?rest_route=%2Fwp%2Fv2%2Fcomments&post=2640"}],"version-history":[{"count":71,"href":"https:\/\/www.scoutshennuyeres.be\/index.php?rest_route=\/wp\/v2\/pages\/2640\/revisions"}],"predecessor-version":[{"id":4454,"href":"https:\/\/www.scoutshennuyeres.be\/index.php?rest_route=\/wp\/v2\/pages\/2640\/revisions\/4454"}],"wp:attachment":[{"href":"https:\/\/www.scoutshennuyeres.be\/index.php?rest_route=%2Fwp%2Fv2%2Fmedia&parent=2640"}],"curies":[{"name":"wp","href":"https:\/\/api.w.org\/{rel}","templated":true}]}}